{"id":10454,"date":"2019-03-07T11:33:40","date_gmt":"2019-03-07T10:33:40","guid":{"rendered":"http:\/\/r-i-k.si\/references-news\/"},"modified":"2019-03-07T11:33:42","modified_gmt":"2019-03-07T10:33:42","slug":"references-news","status":"publish","type":"page","link":"https:\/\/r-i-k.si\/en\/references-news\/","title":{"rendered":"References \/ News"},"content":{"rendered":"<p>[et_pb_section fb_built=&#8221;1&#8243; custom_padding_last_edited=&#8221;on|tablet&#8221; next_background_color=&#8221;#fcd21d&#8221; admin_label=&#8221;Blog Section&#8221; _builder_version=&#8221;3.17.2&#8243; custom_margin=&#8221;|||&#8221; custom_padding=&#8221;80px||75px||false|false&#8221; custom_padding_tablet=&#8221;70px||65px&#8221;][et_pb_row use_custom_width=&#8221;on&#8221; width_unit=&#8221;off&#8221; use_custom_gutter=&#8221;on&#8221; gutter_width=&#8221;2&#8243; admin_label=&#8221;Blog Area&#8221; _builder_version=&#8221;3.17.2&#8243;][et_pb_column type=&#8221;4_4&#8243; _builder_version=&#8221;3.0.47&#8243;][et_pb_blog fullwidth=&#8221;off&#8221; posts_number=&#8221;21&#8243; meta_date=&#8221;j. M. Y&#8221; show_author=&#8221;off&#8221; _builder_version=&#8221;3.17.2&#8243; header_font=&#8221;Montserrat|600|||||||&#8221; header_text_color=&#8221;#353740&#8243; header_font_size=&#8221;22px&#8221; header_line_height=&#8221;1.2em&#8221; body_font=&#8221;Montserrat|300|||||||&#8221; body_text_color=&#8221;#747d88&#8243; body_font_size=&#8221;16px&#8221; body_line_height=&#8221;1.8em&#8221; meta_font=&#8221;Montserrat||||&#8221; meta_text_color=&#8221;#949ba3&#8243; pagination_font=&#8221;Montserrat||||&#8221; pagination_text_color=&#8221;#747d88&#8243; border_width_all_fullwidth=&#8221;1px&#8221; border_color_all_fullwidth=&#8221;#d8d8d8&#8243; box_shadow_style=&#8221;preset1&#8243; box_shadow_blur=&#8221;24px&#8221; box_shadow_color=&#8221;rgba(53,55,64,0.1)&#8221; animation_style=&#8221;fade&#8221; use_border_color=&#8221;on&#8221;]&nbsp;<br \/>\n[\/et_pb_blog][\/et_pb_column][\/et_pb_row][\/et_pb_section][et_pb_section fb_built=&#8221;1&#8243; custom_padding_last_edited=&#8221;on|tablet&#8221; prev_background_color=&#8221;#ffffff&#8221; disabled_on=&#8221;on|on|on&#8221; admin_label=&#8221;Subscription Section&#8221; _builder_version=&#8221;3.17.2&#8243; background_color=&#8221;#fcd21d&#8221; custom_padding=&#8221;90px||90px||false|false&#8221; custom_padding_tablet=&#8221;50px||60px&#8221;][et_pb_row custom_padding=&#8221;0|0px|0|0px|false|false&#8221; make_equal=&#8221;on&#8221; admin_label=&#8221;Subscription Area&#8221; _builder_version=&#8221;3.17.2&#8243;][et_pb_column type=&#8221;4_4&#8243; _builder_version=&#8221;3.0.47&#8243;][et_pb_signup mailchimp_list=&#8221;MailChimp|03dac884f0&#8243; name_field=&#8221;on&#8221; success_message=&#8221;Uspe\u0161no ste se prijavili na E-novice.&#8221; title=&#8221;Naro\u010dite se na E-novice&#8221; button_text=&#8221;Naro\u010dite se!&#8221; description=&#8221;&lt;p&gt;&lt;span style=%22color: #353740;%22&gt;\u017delite, da vas redno obve\u0161\u010damo o aktualni ponudbi in novih projektih? Naro\u010dite se na na\u0161e e-novice. &lt;\/span&gt;&lt;\/p&gt;&lt;p&gt;&lt;span style=%22color: #353740;%22&gt;Spo\u0161tujemo va\u0161o zasebnost, zato va\u0161ih podatkov ne bomo uporabljali v noben drug namen. Od obvestil se boste lahko kadarkoli odjavili.&lt;\/span&gt;&lt;\/p&gt;&#8221; footer_content=&#8221;&lt;br \/&gt;&#8221; form_field_background_color=&#8221;rgba(255,255,255,0.3)&#8221; form_field_text_color=&#8221;#353740&#8243; header_font=&#8221;Montserrat|600|||||||&#8221; header_text_color=&#8221;#353740&#8243; header_font_size=&#8221;32px&#8221; header_font_size_tablet=&#8221;26px&#8221; header_font_size_last_edited=&#8221;on|tablet&#8221; form_field_font=&#8221;||||||||&#8221; form_field_font_size=&#8221;14px&#8221; form_field_font_size_last_edited=&#8221;on|desktop&#8221; body_font=&#8221;Montserrat|300|||||||&#8221; body_text_color=&#8221;#747d88&#8243; body_font_size=&#8221;16px&#8221; body_font_size_tablet=&#8221;14px&#8221; body_font_size_last_edited=&#8221;on|tablet&#8221; body_line_height=&#8221;1.8em&#8221; result_message_font=&#8221;||||||||&#8221; use_background_color=&#8221;off&#8221; custom_button=&#8221;on&#8221; button_text_size=&#8221;16px&#8221; button_text_color=&#8221;#353740&#8243; button_border_width=&#8221;1px&#8221; button_border_color=&#8221;rgba(53,55,64,0.4)&#8221; button_border_radius=&#8221;5px&#8221; button_letter_spacing=&#8221;2px&#8221; button_font=&#8221;Montserrat|600||on|||||&#8221; button_icon=&#8221;%%36%%&#8221; button_text_size_tablet=&#8221;14px&#8221; button_text_size_last_edited=&#8221;on|desktop&#8221; button_letter_spacing_last_edited=&#8221;off|desktop&#8221; background_layout=&#8221;light&#8221; animation_style=&#8221;fade&#8221; custom_css_newsletter_button=&#8221;max-width: 200px;||float: right;&#8221; button_text_color_hover=&#8221;#353740&#8243; button_letter_spacing_hover=&#8221;2px&#8221; button_bg_color_hover=&#8221;rgba(0,0,0,0)&#8221; button_text_size__hover_enabled=&#8221;off&#8221; button_one_text_size__hover_enabled=&#8221;off&#8221; button_two_text_size__hover_enabled=&#8221;off&#8221; button_text_color__hover=&#8221;#353740&#8243; button_one_text_color__hover_enabled=&#8221;off&#8221; button_two_text_color__hover_enabled=&#8221;off&#8221; button_border_width__hover_enabled=&#8221;off&#8221; button_one_border_width__hover_enabled=&#8221;off&#8221; button_two_border_width__hover_enabled=&#8221;off&#8221; button_border_color__hover_enabled=&#8221;off&#8221; button_one_border_color__hover_enabled=&#8221;off&#8221; button_two_border_color__hover_enabled=&#8221;off&#8221; button_border_radius__hover_enabled=&#8221;off&#8221; button_one_border_radius__hover_enabled=&#8221;off&#8221; button_two_border_radius__hover_enabled=&#8221;off&#8221; button_letter_spacing__hover=&#8221;2px&#8221; button_one_letter_spacing__hover_enabled=&#8221;off&#8221; button_two_letter_spacing__hover_enabled=&#8221;off&#8221; button_bg_color__hover=&#8221;rgba(0,0,0,0)&#8221; button_one_bg_color__hover_enabled=&#8221;off&#8221; button_two_bg_color__hover_enabled=&#8221;off&#8221;]Curabitur aliquam justo ex, ac varius sem facilisis a. In vel felis eros. Fusce ipsum enim, ultrices at ante sollicitudin, faucibus hendrerit nunc. Nullam tempor nulla eu imperdiet interdum. Mauris euismod mattis consectetur.<br \/>\n[\/et_pb_signup][\/et_pb_column][\/et_pb_row][\/et_pb_section]<\/p>\n","protected":false},"excerpt":{"rendered":"<p>&nbsp; Curabitur aliquam justo ex, ac varius sem facilisis a. In vel felis eros. Fusce ipsum enim, ultrices at ante sollicitudin, faucibus hendrerit nunc. Nullam tempor nulla eu imperdiet interdum. Mauris euismod mattis consectetur.<\/p>\n","protected":false},"author":3,"featured_media":0,"parent":0,"menu_order":0,"comment_status":"closed","ping_status":"closed","template":"","meta":{"_et_pb_use_builder":"on","_et_pb_old_content":"","_et_gb_content_width":"","footnotes":""},"class_list":["post-10454","page","type-page","status-publish","hentry"],"_links":{"self":[{"href":"https:\/\/r-i-k.si\/en\/wp-json\/wp\/v2\/pages\/10454","targetHints":{"allow":["GET"]}}],"collection":[{"href":"https:\/\/r-i-k.si\/en\/wp-json\/wp\/v2\/pages"}],"about":[{"href":"https:\/\/r-i-k.si\/en\/wp-json\/wp\/v2\/types\/page"}],"author":[{"embeddable":true,"href":"https:\/\/r-i-k.si\/en\/wp-json\/wp\/v2\/users\/3"}],"replies":[{"embeddable":true,"href":"https:\/\/r-i-k.si\/en\/wp-json\/wp\/v2\/comments?post=10454"}],"version-history":[{"count":0,"href":"https:\/\/r-i-k.si\/en\/wp-json\/wp\/v2\/pages\/10454\/revisions"}],"wp:attachment":[{"href":"https:\/\/r-i-k.si\/en\/wp-json\/wp\/v2\/media?parent=10454"}],"curies":[{"name":"wp","href":"https:\/\/api.w.org\/{rel}","templated":true}]}}